{"id":5556,"date":"2024-08-19T14:47:27","date_gmt":"2024-08-19T14:47:27","guid":{"rendered":"https:\/\/puretaste.ch\/il-mio-account\/"},"modified":"2025-11-24T14:16:25","modified_gmt":"2025-11-24T14:16:25","slug":"il-mio-account","status":"publish","type":"page","link":"https:\/\/puretaste.ch\/it\/il-mio-account\/","title":{"rendered":"Il mio account"},"content":{"rendered":"<div class=\"woocommerce\">\r\n<div class=\"woocommerce-notices-wrapper\"><\/div>\r\n<div class=\"row\" id=\"customer_login\">\r\n    <div class=\"large-12 columns login-form\">\r\n        \r\n        <span class=\"nasa-form-title\">\r\n            \u00c8 bello rivederti di nuovo!        <\/span>\r\n\r\n        <form method=\"post\" class=\"woocommerce-form woocommerce-form-login login\">\r\n            \r\n            \r\n            <p class=\"form-row form-row-wide\">\r\n                <span>\r\n                    <label for=\"username\" class=\"inline-block left rtl-right\">\r\n                        Username o email <span class=\"required\" aria-hidden=\"true\">*<\/span>\r\n                    <\/label>\r\n\r\n                    <!-- Remember -->\r\n                    <label for=\"rememberme\" class=\"woocommerce-form__label woocommerce-form__label-for-checkbox woocommerce-form-login__rememberme inline-block right rtl-left none-weight\">\r\n                        <input class=\"woocommerce-form__input woocommerce-form__input-checkbox margin-right-5 rtl-margin-right-0 rtl-margin-left-5\" name=\"rememberme\" type=\"checkbox\" id=\"rememberme\" value=\"forever\" \/> Ricorda                    <\/label>\r\n                <\/span>\r\n\r\n                <!-- Username -->\r\n                <input type=\"text\" class=\"woocommerce-Input woocommerce-Input--text input-text\" name=\"username\" id=\"username\" autocomplete=\"username\" value=\"\" required aria-required=\"true\" \/>\r\n            <\/p>\r\n\r\n            <p class=\"form-row form-row-wide\">\r\n                <span>\r\n                    <label for=\"password\" class=\"inline-block left rtl-right\">\r\n                        Password <span class=\"required\" aria-hidden=\"true\">*<\/span>\r\n                    <\/label>\r\n                    \r\n                    <a class=\"lost_password inline-block right rtl-left none-weight\" href=\"https:\/\/puretaste.ch\/it\/il-mio-account\/lost-password\/\">Hai dimenticato la password?<\/a>\r\n                <\/span>\r\n                \r\n                <a href=\"javascript:void(0);\" class=\"ns-show-password\"><svg width=\"20px\" height=\"20px\" viewBox=\"0 0 24 24\" fill=\"currentColor\" class=\"ns-svg-eye-op\">\r\n    <path d=\"M12 5C5.63636 5 2 12 2 12C2 12 5.63636 19 12 19C18.3636 19 22 12 22 12C22 12 18.3636 5 12 5Z\" stroke=\"currentColor\" stroke-width=\"1.5\" stroke-linecap=\"round\" stroke-linejoin=\"round\" \/>\r\n    <path d=\"M12 15C13.6569 15 15 13.6569 15 12C15 10.3431 13.6569 9 12 9C10.3431 9 9 10.3431 9 12C9 13.6569 10.3431 15 12 15Z\" stroke=\"currentColor\" stroke-width=\"1.5\" stroke-linecap=\"round\" stroke-linejoin=\"round\" \/>\r\n<\/svg><svg width=\"20px\" height=\"20px\" viewBox=\"0 0 24 24\" fill=\"currentColor\" class=\"ns-svg-eye-cl\">\r\n    <path d=\"M20 14.8335C21.3082 13.3317 22 12 22 12C22 12 18.3636 5 12 5C11.6588 5 11.3254 5.02013 11 5.05822C10.6578 5.09828 10.3244 5.15822 10 5.23552M12 9C12.3506 9 12.6872 9.06015 13 9.17071C13.8524 9.47199 14.528 10.1476 14.8293 11C14.9398 11.3128 15 11.6494 15 12M3 3L21 21M12 15C11.6494 15 11.3128 14.9398 11 14.8293C10.1476 14.528 9.47198 13.8524 9.1707 13C9.11386 12.8392 9.07034 12.6721 9.04147 12.5M4.14701 9C3.83877 9.34451 3.56234 9.68241 3.31864 10C2.45286 11.1282 2 12 2 12C2 12 5.63636 19 12 19C12.3412 19 12.6746 18.9799 13 18.9418\" stroke=\"currentColor\" stroke-width=\"1.5\" stroke-linecap=\"round\" stroke-linejoin=\"round\" \/>\r\n<\/svg><\/a>\r\n                \r\n                <input class=\"woocommerce-Input woocommerce-Input--text input-text\" type=\"password\" name=\"password\" id=\"password\" autocomplete=\"current-password\" required aria-required=\"true\" \/>\r\n            <\/p>\r\n\r\n            \r\n            <p class=\"form-row row-submit\">\r\n                <input type=\"hidden\" id=\"woocommerce-login-nonce\" name=\"woocommerce-login-nonce\" value=\"8ae37216cb\" \/><input type=\"hidden\" name=\"_wp_http_referer\" value=\"\/it\/wp-json\/wp\/v2\/pages\/5556\" \/>                <button type=\"submit\" class=\"woocommerce-button button woocommerce-form-login__submit nasa-fullwidth margin-top-10\" name=\"login\" value=\"ACCEDI AL TUO ACCOUNT\">ACCEDI AL TUO ACCOUNT<\/button>\r\n            <\/p>\r\n\r\n                    <\/form>\r\n\r\n                    <p class=\"nasa-switch-form\">\r\n                Non sei registrato?                \r\n                <a class=\"nasa-switch-register\" href=\"javascript:void(0);\" rel=\"nofollow\">\r\n                    Crea Account                <\/a>\r\n            <\/p>\r\n            <\/div>\r\n\r\n            <div class=\"large-12 columns register-form\">\r\n\r\n            <span class=\"nasa-form-title\">\r\n                \u00c8 bello rivederti di nuovo qui!            <\/span>\r\n\r\n            <form method=\"post\" class=\"woocommerce-form woocommerce-form-register register\" >\r\n\r\n                \r\n                \r\n                <p class=\"form-row form-row-wide\">\r\n                    <label for=\"reg_email\" class=\"left rtl-right\">\r\n                        Indirizzo Email <span class=\"required\" aria-hidden=\"true\">*<\/span>\r\n                    <\/label>\r\n\r\n                    <!-- Email -->\r\n                    <input type=\"email\" class=\"woocommerce-Input woocommerce-Input--text input-text\" name=\"email\" id=\"reg_email\" autocomplete=\"email\" value=\"\" required aria-required=\"true\" \/>\r\n                <\/p>\r\n\r\n                \r\n                    <p class=\"form-row form-row-wide\">\r\n                        Un link per impostare una nuova password verr\u00e0 inviato al tuo indirizzo email.                    <\/p>\r\n\r\n                \r\n                <wc-order-attribution-inputs><\/wc-order-attribution-inputs><div class=\"woocommerce-privacy-policy-text\"><p>Ihre pers\u00f6nlichen Daten werden verwendet, um Ihre Erfahrungen auf dieser Website zu unterst\u00fctzen, den Zugang zu Ihrem Konto zu verwalten und f\u00fcr andere Zwecke, die in unserer <a href=\"https:\/\/puretaste.ch\/privacy-policy\/\" class=\"woocommerce-privacy-policy-link\" target=\"_blank\">privacy policy<\/a> beschrieben sind.<\/p>\n<\/div>\r\n                <p class=\"form-row\">\r\n                    <input type=\"hidden\" id=\"woocommerce-register-nonce\" name=\"woocommerce-register-nonce\" value=\"e423bb64d6\" \/><input type=\"hidden\" name=\"_wp_http_referer\" value=\"\/it\/wp-json\/wp\/v2\/pages\/5556\" \/>\r\n                    <!-- Submit button -->\r\n                    <button type=\"submit\" class=\"woocommerce-Button woocommerce-button button woocommerce-form-register__submit nasa-fullwidth\" name=\"register\" value=\"CONFIGURA IL TUO ACCOUNT\">CONFIGURA IL TUO ACCOUNT<\/button>\r\n                <\/p>\r\n\r\n                \r\n            <\/form>\r\n\r\n            <p class=\"nasa-switch-form\">\r\n                Hai gi\u00e0 un account?                \r\n                <a class=\"nasa-switch-login\" href=\"javascript:void(0);\" rel=\"nofollow\">\r\n                    Accedi qui                <\/a>\r\n            <\/p>\r\n\r\n        <\/div>\r\n    <\/div>\r\n\r\n<\/div>\n","protected":false},"excerpt":{"rendered":"","protected":false},"author":1,"featured_media":0,"parent":0,"menu_order":0,"comment_status":"closed","ping_status":"closed","template":"","meta":{"wprm-recipe-roundup-name":"","wprm-recipe-roundup-description":"","wpupg_custom_link":[],"wpupg_custom_link_behaviour":[],"wpupg_custom_link_nofollow":[],"wpupg_custom_image":[],"wpupg_custom_image_id":[],"footnotes":""},"class_list":["post-5556","page","type-page","status-publish","hentry"],"yoast_head":"<!-- This site is optimized with the Yoast SEO plugin v27.4 - https:\/\/yoast.com\/product\/yoast-seo-wordpress\/ -->\n<title>Il mio account - pureTaste<\/title>\n<meta name=\"robots\" content=\"index, follow, max-snippet:-1, max-image-preview:large, max-video-preview:-1\" \/>\n<link rel=\"canonical\" href=\"https:\/\/puretaste.ch\/it\/il-mio-account\/\" \/>\n<meta property=\"og:locale\" content=\"it_IT\" \/>\n<meta property=\"og:type\" content=\"article\" \/>\n<meta property=\"og:title\" content=\"Il mio account - pureTaste\" \/>\n<meta property=\"og:url\" content=\"https:\/\/puretaste.ch\/it\/il-mio-account\/\" \/>\n<meta property=\"og:site_name\" content=\"pureTaste\" \/>\n<meta property=\"article:publisher\" content=\"https:\/\/www.instagram.com\/puretaste\/\" \/>\n<meta property=\"article:modified_time\" content=\"2025-11-24T14:16:25+00:00\" \/>\n<meta name=\"twitter:card\" content=\"summary_large_image\" \/>\n<script type=\"application\/ld+json\" class=\"yoast-schema-graph\">{\"@context\":\"https:\\\/\\\/schema.org\",\"@graph\":[{\"@type\":\"WebPage\",\"@id\":\"https:\\\/\\\/puretaste.ch\\\/it\\\/il-mio-account\\\/\",\"url\":\"https:\\\/\\\/puretaste.ch\\\/it\\\/il-mio-account\\\/\",\"name\":\"Il mio account - pureTaste\",\"isPartOf\":{\"@id\":\"https:\\\/\\\/puretaste.ch\\\/it\\\/#website\"},\"datePublished\":\"2024-08-19T14:47:27+00:00\",\"dateModified\":\"2025-11-24T14:16:25+00:00\",\"breadcrumb\":{\"@id\":\"https:\\\/\\\/puretaste.ch\\\/it\\\/il-mio-account\\\/#breadcrumb\"},\"inLanguage\":\"it-IT\",\"potentialAction\":[{\"@type\":\"ReadAction\",\"target\":[\"https:\\\/\\\/puretaste.ch\\\/it\\\/il-mio-account\\\/\"]}]},{\"@type\":\"BreadcrumbList\",\"@id\":\"https:\\\/\\\/puretaste.ch\\\/it\\\/il-mio-account\\\/#breadcrumb\",\"itemListElement\":[{\"@type\":\"ListItem\",\"position\":1,\"name\":\"Start\",\"item\":\"https:\\\/\\\/puretaste.ch\\\/it\\\/cibi-fermentati-fermentazione-con-innovazione\\\/\"},{\"@type\":\"ListItem\",\"position\":2,\"name\":\"Il mio account\"}]},{\"@type\":\"WebSite\",\"@id\":\"https:\\\/\\\/puretaste.ch\\\/it\\\/#website\",\"url\":\"https:\\\/\\\/puretaste.ch\\\/it\\\/\",\"name\":\"pureTaste Fermentations-Manufaktur\",\"description\":\"Fermentation Manufacture\",\"publisher\":{\"@id\":\"https:\\\/\\\/puretaste.ch\\\/it\\\/#organization\"},\"potentialAction\":[{\"@type\":\"SearchAction\",\"target\":{\"@type\":\"EntryPoint\",\"urlTemplate\":\"https:\\\/\\\/puretaste.ch\\\/it\\\/?s={search_term_string}\"},\"query-input\":{\"@type\":\"PropertyValueSpecification\",\"valueRequired\":true,\"valueName\":\"search_term_string\"}}],\"inLanguage\":\"it-IT\"},{\"@type\":\"Organization\",\"@id\":\"https:\\\/\\\/puretaste.ch\\\/it\\\/#organization\",\"name\":\"pureTaste \u2013 Matteo Leoni\",\"url\":\"https:\\\/\\\/puretaste.ch\\\/it\\\/\",\"logo\":{\"@type\":\"ImageObject\",\"inLanguage\":\"it-IT\",\"@id\":\"https:\\\/\\\/puretaste.ch\\\/it\\\/#\\\/schema\\\/logo\\\/image\\\/\",\"url\":\"https:\\\/\\\/puretaste.ch\\\/wp-content\\\/uploads\\\/2025\\\/11\\\/puretaste-logo-w.png\",\"contentUrl\":\"https:\\\/\\\/puretaste.ch\\\/wp-content\\\/uploads\\\/2025\\\/11\\\/puretaste-logo-w.png\",\"width\":200,\"height\":124,\"caption\":\"pureTaste \u2013 Matteo Leoni\"},\"image\":{\"@id\":\"https:\\\/\\\/puretaste.ch\\\/it\\\/#\\\/schema\\\/logo\\\/image\\\/\"},\"sameAs\":[\"https:\\\/\\\/www.instagram.com\\\/puretaste\\\/\"]}]}<\/script>\n<!-- \/ Yoast SEO plugin. -->","yoast_head_json":{"title":"Il mio account - pureTaste","robots":{"index":"index","follow":"follow","max-snippet":"max-snippet:-1","max-image-preview":"max-image-preview:large","max-video-preview":"max-video-preview:-1"},"canonical":"https:\/\/puretaste.ch\/it\/il-mio-account\/","og_locale":"it_IT","og_type":"article","og_title":"Il mio account - pureTaste","og_url":"https:\/\/puretaste.ch\/it\/il-mio-account\/","og_site_name":"pureTaste","article_publisher":"https:\/\/www.instagram.com\/puretaste\/","article_modified_time":"2025-11-24T14:16:25+00:00","twitter_card":"summary_large_image","schema":{"@context":"https:\/\/schema.org","@graph":[{"@type":"WebPage","@id":"https:\/\/puretaste.ch\/it\/il-mio-account\/","url":"https:\/\/puretaste.ch\/it\/il-mio-account\/","name":"Il mio account - pureTaste","isPartOf":{"@id":"https:\/\/puretaste.ch\/it\/#website"},"datePublished":"2024-08-19T14:47:27+00:00","dateModified":"2025-11-24T14:16:25+00:00","breadcrumb":{"@id":"https:\/\/puretaste.ch\/it\/il-mio-account\/#breadcrumb"},"inLanguage":"it-IT","potentialAction":[{"@type":"ReadAction","target":["https:\/\/puretaste.ch\/it\/il-mio-account\/"]}]},{"@type":"BreadcrumbList","@id":"https:\/\/puretaste.ch\/it\/il-mio-account\/#breadcrumb","itemListElement":[{"@type":"ListItem","position":1,"name":"Start","item":"https:\/\/puretaste.ch\/it\/cibi-fermentati-fermentazione-con-innovazione\/"},{"@type":"ListItem","position":2,"name":"Il mio account"}]},{"@type":"WebSite","@id":"https:\/\/puretaste.ch\/it\/#website","url":"https:\/\/puretaste.ch\/it\/","name":"pureTaste Fermentations-Manufaktur","description":"Fermentation Manufacture","publisher":{"@id":"https:\/\/puretaste.ch\/it\/#organization"},"potentialAction":[{"@type":"SearchAction","target":{"@type":"EntryPoint","urlTemplate":"https:\/\/puretaste.ch\/it\/?s={search_term_string}"},"query-input":{"@type":"PropertyValueSpecification","valueRequired":true,"valueName":"search_term_string"}}],"inLanguage":"it-IT"},{"@type":"Organization","@id":"https:\/\/puretaste.ch\/it\/#organization","name":"pureTaste \u2013 Matteo Leoni","url":"https:\/\/puretaste.ch\/it\/","logo":{"@type":"ImageObject","inLanguage":"it-IT","@id":"https:\/\/puretaste.ch\/it\/#\/schema\/logo\/image\/","url":"https:\/\/puretaste.ch\/wp-content\/uploads\/2025\/11\/puretaste-logo-w.png","contentUrl":"https:\/\/puretaste.ch\/wp-content\/uploads\/2025\/11\/puretaste-logo-w.png","width":200,"height":124,"caption":"pureTaste \u2013 Matteo Leoni"},"image":{"@id":"https:\/\/puretaste.ch\/it\/#\/schema\/logo\/image\/"},"sameAs":["https:\/\/www.instagram.com\/puretaste\/"]}]}},"_links":{"self":[{"href":"https:\/\/puretaste.ch\/it\/wp-json\/wp\/v2\/pages\/5556","targetHints":{"allow":["GET"]}}],"collection":[{"href":"https:\/\/puretaste.ch\/it\/wp-json\/wp\/v2\/pages"}],"about":[{"href":"https:\/\/puretaste.ch\/it\/wp-json\/wp\/v2\/types\/page"}],"author":[{"embeddable":true,"href":"https:\/\/puretaste.ch\/it\/wp-json\/wp\/v2\/users\/1"}],"replies":[{"embeddable":true,"href":"https:\/\/puretaste.ch\/it\/wp-json\/wp\/v2\/comments?post=5556"}],"version-history":[{"count":1,"href":"https:\/\/puretaste.ch\/it\/wp-json\/wp\/v2\/pages\/5556\/revisions"}],"predecessor-version":[{"id":5557,"href":"https:\/\/puretaste.ch\/it\/wp-json\/wp\/v2\/pages\/5556\/revisions\/5557"}],"wp:attachment":[{"href":"https:\/\/puretaste.ch\/it\/wp-json\/wp\/v2\/media?parent=5556"}],"curies":[{"name":"wp","href":"https:\/\/api.w.org\/{rel}","templated":true}]}}