{"id":4502,"date":"2024-08-22T16:03:22","date_gmt":"2024-08-22T16:03:22","guid":{"rendered":"https:\/\/puretaste.ch\/?page_id=4502"},"modified":"2024-09-30T11:41:13","modified_gmt":"2024-09-30T11:41:13","slug":"general-terms-and-conditions","status":"publish","type":"page","link":"https:\/\/puretaste.ch\/en\/general-terms-and-conditions\/","title":{"rendered":"general terms and conditions"},"content":{"rendered":"\t\t<div data-elementor-type=\"wp-page\" data-elementor-id=\"4502\" class=\"elementor elementor-4502 elementor-4186\">\n\t\t\t\t<div class=\"elementor-element elementor-element-9bb5452 e-flex e-con-boxed e-con e-parent\" data-id=\"9bb5452\" data-element_type=\"container\" data-e-type=\"container\">\n\t\t\t\t\t<div class=\"e-con-inner\">\n\t\t\t\t<div class=\"elementor-element elementor-element-2ce0c502 elementor-widget__width-auto elementor-widget elementor-widget-text-editor\" data-id=\"2ce0c502\" data-element_type=\"widget\" data-e-type=\"widget\" data-widget_type=\"text-editor.default\">\n\t\t\t\t<div class=\"elementor-widget-container\">\n\t\t\t\t\t\t\t\t\t<h2 class=\"wp-block-heading\">Allgemeine Gesch\u00e4ftsbedingungen<\/h2>\n<p><strong>1. GELTUNGSBEREICH<\/strong><\/p>\n<p>Die Allgemeinen Gesch\u00e4ftsbedingungen (nachfolgend \u201eAGB\u201c genannt) gelten f\u00fcr alle \u00fcber den Online-Shop von pureTaste.ch get\u00e4tigten Bestellungen pureTaste.ch beh\u00e4lt sich das Recht vor, die AGB zu \u00e4ndern. Massgebend ist jeweils die zum Zeitpunkt der Bestellung geltende Version der AGB, welche f\u00fcr diese Bestellung nicht einseitig ge\u00e4ndert werden kann.<\/p>\n<p><strong>2. ANGEBOT<\/strong><\/p>\n<p>Das Angebot gilt, solange es im Online-Shop ersichtlich ist. Preis- und Sortiments\u00e4nderungen sind jederzeit m\u00f6glich.<\/p>\n<p><strong>3. BESTELLUNG UND VERTRAGSABSCHLUSS<\/strong><\/p>\n<p>3.1. Indem der Kunde via Website https:\/\/puretaste.ch (durch Anklicken des Buttons \u201ekostenpflichtig bestellen\u201c) eine Bestellung aufgibt, gibt der Kunde ein verbindliches Angebot zum Kauf der im Warenkorb befindlichen Waren ab.<\/p>\n<p>3.2. Der Kunde verpflichtet sich, die Bestellung zu den auf der Website angegebenen Bedingungen durchzuf\u00fchren. Ein eventueller Irrtum bei einer Bestellung ist pureTaste.ch umgehend mitzuteilen.<\/p>\n<p><strong>4. PREISE<\/strong><\/p>\n<p>4.1. Die Preise im Webshop sind in Schweizer Franken (CHF) ausgewiesen. Die aktuellen Preise sind im Online-Shop publiziert, Preis\u00e4nderungen und Fehler vorbehalten.&nbsp;Die angegebenen Preise verstehen sich exklusive MwSt. und Versandkosten. Diese werden automatisch beim Checkout berechnet.<\/p>\n<p>4.2. Die Versandkosten werden beim Checkout automatisch berechnet.<\/p>\n<p><strong>5. LIEFER- UND VERSANDBEDINGUNGEN<\/strong><\/p>\n<p>Die Lieferung von Waren erfolgt auf Postweg an die von dem Kunden angegebene Adresse, sofern nichts anderes vereinbart ist.&nbsp;Versand innerhalb der Schweiz mit der schweizerischen A-Post innerhalb von 1-3 Werktag nach absenden der Bestellung.<\/p>\n<p><strong>6. BEZAHLUNG<\/strong><\/p>\n<p>6.1. Der Kunde kann im Rahmen und vor Abschluss des Bestellvorgangs aus den zur Verf\u00fcgung stehenden Zahlungsarten w\u00e4hlen.<\/p>\n<p>6.2. Werden Drittanbieter mit der Zahlungsabwicklung beauftragt, z.B. Twint gelten deren Allgemeine Gesch\u00e4ftsbedingungen.<\/p>\n<p><strong>7. R\u00dcCKGABERECHT\/ ERSATZ<\/strong><\/p>\n<p>7.1. Es besteht kein R\u00fcckgaberecht auf versendete Lebensmittelprodukte. Auf der Webseite von pureTaste.ch wird darauf hingewiesen, dass beim Versand die M\u00f6glichkeit besteht, dass durch den Druckaufbau sich der Deckel minimal l\u00f6sen kann und ein wenig Fl\u00fcssigkeit austreten kann. Dies berechtigt nicht zu einem Ersetzten des Produktes, da keine Qualit\u00e4tsminderung vorliegt.<\/p>\n<p>7.2. Bei starker Besch\u00e4digung sollte der Kunde uns sofort via E-Mail kontaktieren, inklusive Fotos der besch\u00e4digten Produkte. In diesem Fall wird ein Ersetzen der Produkte abgewogen,<\/p>\n<p><strong>8. DATENSCHUTZ<\/strong><\/p>\n<p>8.1. pureTaste.ch verarbeiten personenbezogene Daten des Kunden zweckgebunden und gem\u00e4ss den gesetzlichen Bestimmungen.<\/p>\n<p>8.2. Die zum Zwecke der Bestellung von Waren angegebenen pers\u00f6nlichen Daten (wie zum Beispiel Name, E-Mail-Adresse, Anschrift, Zahlungsdaten) werden von pureTaste.ch zur Erf\u00fcllung und Abwicklung des Vertrags verwendet. Diese Daten werden vertraulich behandelt und nicht an Dritte weitergegeben, die nicht am Bestell-, Auslieferungs- und Zahlungsvorgang beteiligt sind.<\/p>\n<p>8.3. Der Kunde hat das Recht, auf Antrag unentgeltlich Auskunft zu erhalten \u00fcber die personenbezogenen Daten, die vom Verk\u00e4ufer \u00fcber ihn gespeichert wurden. Zus\u00e4tzlich hat er das Recht auf Berichtigung unrichtiger Daten, Sperrung und L\u00f6schung seiner personenbezogenen Daten, soweit keine gesetzliche Aufbewahrungspflicht entgegensteht.<\/p>\n<p><strong>9. NUTZUNGSRECHTE F\u00dcR DIGITALE INHALTE<\/strong><\/p>\n<p>9.1 Sofern sich aus der Inhaltsbeschreibung im Online-Shop von pureTaste.ch nichts anderes ergibt, r\u00e4umt puretaste.ch dem Kunden an den \u00fcberlassenen Inhalten das nicht ausschliessliche, \u00f6rtlich und zeitlich unbeschr\u00e4nkte Recht ein, die \u00fcberlassenen Inhalte ausschliesslich zu privaten Zwecken zu nutzen.<\/p>\n<p>9.2. Eine Weitergabe der Inhalte an Dritte oder die Erstellung von Kopien f\u00fcr Dritte ausserhalb des Rahmens dieser AGB ist nicht gestattet, soweit nicht pureTaste.ch einer \u00dcbertragung der vertragsgegenst\u00e4ndlichen Lizenz an den Dritten zugestimmt hat.<\/p>\n<p><strong>10. GERICHTSSTAND \/ ANWENDBARES RECHT<\/strong><\/p>\n<p>Diese AGB unterliegen ausschliesslich schweizerischem Recht. Gerichtsstand ist der Sitz von pureTaste, 4057 Basel.<\/p>\n<p>12. Allgemeiner Haftungsausschluss<br>Alle Angaben des Angebotes von pureTaste wurde sorgf\u00e4ltig gepr\u00fcft. pureTaste.ch bem\u00fcht sich, alle Informationen aktuell, inhaltlich richtig und vollst\u00e4ndig anzubieten. Trotzdem kann das Auftreten von Fehlern nicht v\u00f6llig ausgeschlossen werden, womit pureTaste.ch keine Garantie f\u00fcr Vollst\u00e4ndigkeit, Richtigkeit und Aktualit\u00e4t von Informationen auch journalistisch-redaktioneller Art \u00fcbernimmt. Haftungsanspr\u00fcche aus Sch\u00e4den materieller oder ideeller Art, die durch die Nutzung der angebotenen Informationen verursacht wurden, sind ausgeschlossen, sofern kein nachweislich vors\u00e4tzliches oder grob fahrl\u00e4ssiges Verschulden vorliegt. Der Herausgeber kann nach eigenem Ermessen und ohne Ank\u00fcndigung Texte ver\u00e4ndern oder l\u00f6schen und ist nicht verpflichtet, Inhalte dieser Website zu aktualisieren. Die Benutzung bzw. der Zugang zu dieser Website geschieht auf eigene Gefahr des Besuchers. pureTaste.ch ist nicht verantwortlich f\u00fcr Sch\u00e4den, wie direkte, indirekte, zuf\u00e4llige, vorab konkret zu bestimmende oder Folgesch\u00e4den, die angeblich durch den Besuch dieser Website entstanden sind und \u00fcbernimmt hierf\u00fcr folglich keine Haftung. pureTaste.ch \u00fcbernimmt ebenfalls keine Verantwortung und Haftung f\u00fcr die Inhalte und die Verf\u00fcgbarkeit von Webseiten Dritter, die \u00fcber externe Links dieser Webseite erreichbar sind. F\u00fcr den Inhalt der verlinkten Seiten sind ausschliesslich deren Betreiber verantwortlich. puretaste.ch distanziert sich damit ausdr\u00fccklich von allen Inhalten Dritter, die m\u00f6glicherweise straf- oder haftungsrechtlich relevant sind oder gegen die guten Sitten verstossen.<\/p>\n<p>Zuletzt aktualisiert: 08.2024<\/p>\t\t\t\t\t\t\t\t<\/div>\n\t\t\t\t<\/div>\n\t\t\t\t\t<\/div>\n\t\t\t\t<\/div>\n\t\t\t\t<\/div>\n\t\t","protected":false},"excerpt":{"rendered":"<p>Allgemeine Gesch\u00e4ftsbedingungen 1. GELTUNGSBEREICH Die Allgemeinen Gesch\u00e4ftsbedingungen (nachfolgend \u201eAGB\u201c genannt) gelten f\u00fcr alle \u00fcber den Online-Shop von pureTaste.ch get\u00e4tigten Bestellungen pureTaste.ch beh\u00e4lt sich das Recht vor, die AGB zu \u00e4ndern. Massgebend ist jeweils die zum Zeitpunkt der Bestellung geltende Version der AGB, welche f\u00fcr diese Bestellung nicht einseitig ge\u00e4ndert werden kann. 2. ANGEBOT Das Angebot [&hellip;]<\/p>\n","protected":false},"author":1,"featured_media":0,"parent":0,"menu_order":0,"comment_status":"closed","ping_status":"closed","template":"","meta":{"wprm-recipe-roundup-name":"","wprm-recipe-roundup-description":"","wpupg_custom_link":[],"wpupg_custom_link_behaviour":[],"wpupg_custom_link_nofollow":[],"wpupg_custom_image":[],"wpupg_custom_image_id":[],"footnotes":""},"class_list":["post-4502","page","type-page","status-publish","hentry"],"yoast_head":"<!-- This site is optimized with the Yoast SEO plugin v27.4 - https:\/\/yoast.com\/product\/yoast-seo-wordpress\/ -->\n<title>general terms and conditions - pureTaste<\/title>\n<meta name=\"robots\" content=\"index, follow, max-snippet:-1, max-image-preview:large, max-video-preview:-1\" \/>\n<link rel=\"canonical\" href=\"https:\/\/puretaste.ch\/en\/general-terms-and-conditions\/\" \/>\n<meta property=\"og:locale\" content=\"en_US\" \/>\n<meta property=\"og:type\" content=\"article\" \/>\n<meta property=\"og:title\" content=\"general terms and conditions - pureTaste\" \/>\n<meta property=\"og:description\" content=\"Allgemeine Gesch\u00e4ftsbedingungen 1. GELTUNGSBEREICH Die Allgemeinen Gesch\u00e4ftsbedingungen (nachfolgend \u201eAGB\u201c genannt) gelten f\u00fcr alle \u00fcber den Online-Shop von pureTaste.ch get\u00e4tigten Bestellungen pureTaste.ch beh\u00e4lt sich das Recht vor, die AGB zu \u00e4ndern. Massgebend ist jeweils die zum Zeitpunkt der Bestellung geltende Version der AGB, welche f\u00fcr diese Bestellung nicht einseitig ge\u00e4ndert werden kann. 2. ANGEBOT Das Angebot [&hellip;]\" \/>\n<meta property=\"og:url\" content=\"https:\/\/puretaste.ch\/en\/general-terms-and-conditions\/\" \/>\n<meta property=\"og:site_name\" content=\"pureTaste\" \/>\n<meta property=\"article:publisher\" content=\"https:\/\/www.instagram.com\/puretaste\/\" \/>\n<meta property=\"article:modified_time\" content=\"2024-09-30T11:41:13+00:00\" \/>\n<meta name=\"twitter:card\" content=\"summary_large_image\" \/>\n<meta name=\"twitter:label1\" content=\"Est. reading time\" \/>\n\t<meta name=\"twitter:data1\" content=\"4 minutes\" \/>\n<script type=\"application\/ld+json\" class=\"yoast-schema-graph\">{\"@context\":\"https:\\\/\\\/schema.org\",\"@graph\":[{\"@type\":\"WebPage\",\"@id\":\"https:\\\/\\\/puretaste.ch\\\/en\\\/general-terms-and-conditions\\\/\",\"url\":\"https:\\\/\\\/puretaste.ch\\\/en\\\/general-terms-and-conditions\\\/\",\"name\":\"general terms and conditions - pureTaste\",\"isPartOf\":{\"@id\":\"https:\\\/\\\/puretaste.ch\\\/en\\\/#website\"},\"datePublished\":\"2024-08-22T16:03:22+00:00\",\"dateModified\":\"2024-09-30T11:41:13+00:00\",\"breadcrumb\":{\"@id\":\"https:\\\/\\\/puretaste.ch\\\/en\\\/general-terms-and-conditions\\\/#breadcrumb\"},\"inLanguage\":\"en-US\",\"potentialAction\":[{\"@type\":\"ReadAction\",\"target\":[\"https:\\\/\\\/puretaste.ch\\\/en\\\/general-terms-and-conditions\\\/\"]}]},{\"@type\":\"BreadcrumbList\",\"@id\":\"https:\\\/\\\/puretaste.ch\\\/en\\\/general-terms-and-conditions\\\/#breadcrumb\",\"itemListElement\":[{\"@type\":\"ListItem\",\"position\":1,\"name\":\"Start\",\"item\":\"https:\\\/\\\/puretaste.ch\\\/en\\\/fermentation-food\\\/\"},{\"@type\":\"ListItem\",\"position\":2,\"name\":\"general terms and conditions\"}]},{\"@type\":\"WebSite\",\"@id\":\"https:\\\/\\\/puretaste.ch\\\/en\\\/#website\",\"url\":\"https:\\\/\\\/puretaste.ch\\\/en\\\/\",\"name\":\"pureTaste Fermentations-Manufaktur\",\"description\":\"Fermentation Manufacture\",\"publisher\":{\"@id\":\"https:\\\/\\\/puretaste.ch\\\/en\\\/#organization\"},\"potentialAction\":[{\"@type\":\"SearchAction\",\"target\":{\"@type\":\"EntryPoint\",\"urlTemplate\":\"https:\\\/\\\/puretaste.ch\\\/en\\\/?s={search_term_string}\"},\"query-input\":{\"@type\":\"PropertyValueSpecification\",\"valueRequired\":true,\"valueName\":\"search_term_string\"}}],\"inLanguage\":\"en-US\"},{\"@type\":\"Organization\",\"@id\":\"https:\\\/\\\/puretaste.ch\\\/en\\\/#organization\",\"name\":\"pureTaste \u2013 Matteo Leoni\",\"url\":\"https:\\\/\\\/puretaste.ch\\\/en\\\/\",\"logo\":{\"@type\":\"ImageObject\",\"inLanguage\":\"en-US\",\"@id\":\"https:\\\/\\\/puretaste.ch\\\/en\\\/#\\\/schema\\\/logo\\\/image\\\/\",\"url\":\"https:\\\/\\\/puretaste.ch\\\/wp-content\\\/uploads\\\/2025\\\/11\\\/puretaste-logo-w.png\",\"contentUrl\":\"https:\\\/\\\/puretaste.ch\\\/wp-content\\\/uploads\\\/2025\\\/11\\\/puretaste-logo-w.png\",\"width\":200,\"height\":124,\"caption\":\"pureTaste \u2013 Matteo Leoni\"},\"image\":{\"@id\":\"https:\\\/\\\/puretaste.ch\\\/en\\\/#\\\/schema\\\/logo\\\/image\\\/\"},\"sameAs\":[\"https:\\\/\\\/www.instagram.com\\\/puretaste\\\/\"]}]}<\/script>\n<!-- \/ Yoast SEO plugin. -->","yoast_head_json":{"title":"general terms and conditions - pureTaste","robots":{"index":"index","follow":"follow","max-snippet":"max-snippet:-1","max-image-preview":"max-image-preview:large","max-video-preview":"max-video-preview:-1"},"canonical":"https:\/\/puretaste.ch\/en\/general-terms-and-conditions\/","og_locale":"en_US","og_type":"article","og_title":"general terms and conditions - pureTaste","og_description":"Allgemeine Gesch\u00e4ftsbedingungen 1. GELTUNGSBEREICH Die Allgemeinen Gesch\u00e4ftsbedingungen (nachfolgend \u201eAGB\u201c genannt) gelten f\u00fcr alle \u00fcber den Online-Shop von pureTaste.ch get\u00e4tigten Bestellungen pureTaste.ch beh\u00e4lt sich das Recht vor, die AGB zu \u00e4ndern. Massgebend ist jeweils die zum Zeitpunkt der Bestellung geltende Version der AGB, welche f\u00fcr diese Bestellung nicht einseitig ge\u00e4ndert werden kann. 2. ANGEBOT Das Angebot [&hellip;]","og_url":"https:\/\/puretaste.ch\/en\/general-terms-and-conditions\/","og_site_name":"pureTaste","article_publisher":"https:\/\/www.instagram.com\/puretaste\/","article_modified_time":"2024-09-30T11:41:13+00:00","twitter_card":"summary_large_image","twitter_misc":{"Est. reading time":"4 minutes"},"schema":{"@context":"https:\/\/schema.org","@graph":[{"@type":"WebPage","@id":"https:\/\/puretaste.ch\/en\/general-terms-and-conditions\/","url":"https:\/\/puretaste.ch\/en\/general-terms-and-conditions\/","name":"general terms and conditions - pureTaste","isPartOf":{"@id":"https:\/\/puretaste.ch\/en\/#website"},"datePublished":"2024-08-22T16:03:22+00:00","dateModified":"2024-09-30T11:41:13+00:00","breadcrumb":{"@id":"https:\/\/puretaste.ch\/en\/general-terms-and-conditions\/#breadcrumb"},"inLanguage":"en-US","potentialAction":[{"@type":"ReadAction","target":["https:\/\/puretaste.ch\/en\/general-terms-and-conditions\/"]}]},{"@type":"BreadcrumbList","@id":"https:\/\/puretaste.ch\/en\/general-terms-and-conditions\/#breadcrumb","itemListElement":[{"@type":"ListItem","position":1,"name":"Start","item":"https:\/\/puretaste.ch\/en\/fermentation-food\/"},{"@type":"ListItem","position":2,"name":"general terms and conditions"}]},{"@type":"WebSite","@id":"https:\/\/puretaste.ch\/en\/#website","url":"https:\/\/puretaste.ch\/en\/","name":"pureTaste Fermentations-Manufaktur","description":"Fermentation Manufacture","publisher":{"@id":"https:\/\/puretaste.ch\/en\/#organization"},"potentialAction":[{"@type":"SearchAction","target":{"@type":"EntryPoint","urlTemplate":"https:\/\/puretaste.ch\/en\/?s={search_term_string}"},"query-input":{"@type":"PropertyValueSpecification","valueRequired":true,"valueName":"search_term_string"}}],"inLanguage":"en-US"},{"@type":"Organization","@id":"https:\/\/puretaste.ch\/en\/#organization","name":"pureTaste \u2013 Matteo Leoni","url":"https:\/\/puretaste.ch\/en\/","logo":{"@type":"ImageObject","inLanguage":"en-US","@id":"https:\/\/puretaste.ch\/en\/#\/schema\/logo\/image\/","url":"https:\/\/puretaste.ch\/wp-content\/uploads\/2025\/11\/puretaste-logo-w.png","contentUrl":"https:\/\/puretaste.ch\/wp-content\/uploads\/2025\/11\/puretaste-logo-w.png","width":200,"height":124,"caption":"pureTaste \u2013 Matteo Leoni"},"image":{"@id":"https:\/\/puretaste.ch\/en\/#\/schema\/logo\/image\/"},"sameAs":["https:\/\/www.instagram.com\/puretaste\/"]}]}},"_links":{"self":[{"href":"https:\/\/puretaste.ch\/en\/wp-json\/wp\/v2\/pages\/4502","targetHints":{"allow":["GET"]}}],"collection":[{"href":"https:\/\/puretaste.ch\/en\/wp-json\/wp\/v2\/pages"}],"about":[{"href":"https:\/\/puretaste.ch\/en\/wp-json\/wp\/v2\/types\/page"}],"author":[{"embeddable":true,"href":"https:\/\/puretaste.ch\/en\/wp-json\/wp\/v2\/users\/1"}],"replies":[{"embeddable":true,"href":"https:\/\/puretaste.ch\/en\/wp-json\/wp\/v2\/comments?post=4502"}],"version-history":[{"count":4,"href":"https:\/\/puretaste.ch\/en\/wp-json\/wp\/v2\/pages\/4502\/revisions"}],"predecessor-version":[{"id":4746,"href":"https:\/\/puretaste.ch\/en\/wp-json\/wp\/v2\/pages\/4502\/revisions\/4746"}],"wp:attachment":[{"href":"https:\/\/puretaste.ch\/en\/wp-json\/wp\/v2\/media?parent=4502"}],"curies":[{"name":"wp","href":"https:\/\/api.w.org\/{rel}","templated":true}]}}